{"id":1242,"date":"2017-01-21T13:52:33","date_gmt":"2017-01-21T13:52:33","guid":{"rendered":"http:\/\/tangonatural.com\/en\/?page_id=1242"},"modified":"2021-11-17T16:46:38","modified_gmt":"2021-11-17T15:46:38","slug":"new-enrollment","status":"publish","type":"page","link":"https:\/\/tangonatural.com\/en\/new-enrollment\/","title":{"rendered":"New enrollment"},"content":{"rendered":"[mk_page_section bg_image=&#8221;http:\/\/tangonatural.com\/wp-content\/uploads\/2016\/10\/novi-upis-kv.jpg&#8221; bg_position=&#8221;center bottom&#8221; bg_repeat=&#8221;no-repeat&#8221; bg_stretch=&#8221;true&#8221; video_opacity=&#8221;.6&#8243; min_height=&#8221;400&#8243; full_height=&#8221;true&#8221; padding_top=&#8221;0&#8243; padding_bottom=&#8221;0&#8243; top_shape_color=&#8221;#ffffff&#8221; bottom_shape_color=&#8221;#ffffff&#8221; sidebar=&#8221;sidebar-1&#8243;][vc_column][\/vc_column][\/mk_page_section][vc_row][vc_column][mk_padding_divider size=&#8221;70&#8243;][\/vc_column][\/vc_row][vc_row][vc_column width=&#8221;1\/2&#8243;][mk_fancy_title tag_name=&#8221;h3&#8243; size=&#8221;18&#8243; font_style=&#8221;normal&#8221; margin_bottom=&#8221;10&#8243; font_family=&#8221;none&#8221;]Tango is a magical dance:[\/mk_fancy_title][mk_fancy_title tag_name=&#8221;h3&#8243; size=&#8221;30&#8243; font_style=&#8221;italic&#8221; font_family=&#8221;none&#8221;]exciting, passionate, mysterious, gentle&#8230;[\/mk_fancy_title][vc_column_text][\/vc_column_text][\/vc_column][vc_column width=&#8221;1\/2&#8243;][vc_column_text]\u2026and it&#8217;s danced by tens of thousands of people across the globe! Anyone can dance tango:<br \/>\nno matter their age, gender, political, religious, sexual\u00a0<img loading=\"lazy\" decoding=\"async\" style=\"margin-left: 3px; margin-right: 3px; vertical-align: middle; -webkit-box-shadow: none; -moz-box-shadow: none; box-shadow: none;\" src=\"http:\/\/tangonatural.com\/wp-content\/plugins\/wp-emoji-one\/icons\/1F600.png\" width=\"16\" height=\"16\" \/>\u00a0or other orientation; no matter their\u00a0previous dance in\/experience, height,<br \/>\nweight&#8230; Anyone who wishes it, surely can!\u00a0<img loading=\"lazy\" decoding=\"async\" style=\"margin-left: 3px; margin-right: 3px; vertical-align: middle; -webkit-box-shadow: none; -moz-box-shadow: none; box-shadow: none;\" src=\"http:\/\/tangonatural.com\/wp-content\/plugins\/wp-emoji-one\/icons\/1F600.png\" width=\"16\" height=\"16\" \/>[\/vc_column_text][\/vc_column][\/vc_row][vc_row][vc_column][mk_padding_divider size=&#8221;50&#8243;][\/vc_column][\/vc_row][vc_row][vc_column width=&#8221;1\/2&#8243;][\/vc_column][vc_column width=&#8221;1\/2&#8243;][\/vc_column][\/vc_row][vc_row][vc_column width=&#8221;1\/3&#8243;][\/vc_column][vc_column width=&#8221;1\/3&#8243;][\/vc_column][vc_column width=&#8221;1\/3&#8243;][\/vc_column][\/vc_row][mk_page_section bg_image=&#8221;http:\/\/tangonatural.com\/wp-content\/uploads\/2016\/11\/10-razloga.jpg&#8221; bg_color=&#8221;rgba(0,0,0,0.59)&#8221; attachment=&#8221;fixed&#8221; bg_repeat=&#8221;no-repeat&#8221; bg_stretch=&#8221;true&#8221; video_color_mask=&#8221;#000000&#8243; video_opacity=&#8221;0.5&#8243; padding_top=&#8221;0&#8243; padding_bottom=&#8221;0&#8243; sidebar=&#8221;sidebar-1&#8243;][vc_column][vc_row_inner][vc_column_inner width=&#8221;1\/6&#8243;][\/vc_column_inner][vc_column_inner width=&#8221;4\/6&#8243;][mk_padding_divider size=&#8221;70&#8243;][mk_fancy_title size=&#8221;24&#8243; font_family=&#8221;none&#8221;]\n<p style=\"text-align: center;\">Find\u00a0the magic of Argentine\u00a0tango in our new beginners groups!<\/p>\n[\/mk_fancy_title][vc_column_text]\n<p style=\"text-align: center;\"><strong>Group A (starting January\u00a019th): Monday\u00a0(19:30 &#8211; 21) and Thursday\u00a0(21 &#8211; 22:30).<br \/>\nGroup B (starting January 21st): Saturday\u00a0(13:30 &#8211; 15) and Sunday (13 &#8211; 14:30).<\/strong><\/p>\n[\/vc_column_text][mk_padding_divider][\/vc_column_inner][vc_column_inner width=&#8221;1\/6&#8243;][\/vc_column_inner][\/vc_row_inner][vc_row_inner][vc_column_inner width=&#8221;1\/3&#8243;][vc_column_text]Choose the group that best suits your schedule. Anyone can mix and match\u00a0class times of both groups if that suits you better.[\/vc_column_text][\/vc_column_inner][vc_column_inner width=&#8221;1\/3&#8243;][vc_column_text]The enrollment lasts until groups are formed.\u00a0It&#8217;s not necessary to come with a partner. Every first class is free of charge.[\/vc_column_text][\/vc_column_inner][vc_column_inner width=&#8221;1\/3&#8243;][vc_column_text]If you&#8217;ve missed\u00a0the first or any subsequent classes, don&#8217;t worry. Our big team is there to\u00a0take care of everyone&#8217;s individual progress.[\/vc_column_text][\/vc_column_inner][\/vc_row_inner][\/vc_column][\/mk_page_section][mk_page_section bg_image=&#8221;http:\/\/tangonatural.com\/wp-content\/uploads\/2016\/11\/10-razloga.jpg&#8221; bg_color=&#8221;rgba(0,0,0,0.59)&#8221; attachment=&#8221;fixed&#8221; bg_repeat=&#8221;no-repeat&#8221; bg_stretch=&#8221;true&#8221; video_color_mask=&#8221;#000000&#8243; video_opacity=&#8221;0.5&#8243; padding_top=&#8221;0&#8243; padding_bottom=&#8221;0&#8243; sidebar=&#8221;sidebar-1&#8243;][vc_column][vc_row_inner][vc_column_inner width=&#8221;1\/4&#8243;][\/vc_column_inner][vc_column_inner width=&#8221;1\/2&#8243;][mk_fancy_title size=&#8221;24&#8243; font_family=&#8221;none&#8221;]\n<p style=\"text-align: center;\">Contact us<\/p>\n[\/mk_fancy_title][mk_contact_form skin=&#8221;light&#8221; button_text=&#8221;OK&#8221;][\/vc_column_inner][vc_column_inner width=&#8221;1\/4&#8243;][\/vc_column_inner][\/vc_row_inner][vc_row_inner][vc_column_inner width=&#8221;1\/4&#8243;][\/vc_column_inner][vc_column_inner width=&#8221;1\/2&#8243;][mk_fancy_title size=&#8221;24&#8243; font_family=&#8221;none&#8221;]\n<p style=\"text-align: center;\">Or by phone, if it suits you better:<\/p>\n[\/mk_fancy_title][\/vc_column_inner][vc_column_inner width=&#8221;1\/4&#8243;][\/vc_column_inner][\/vc_row_inner][vc_row_inner][vc_column_inner width=&#8221;1\/4&#8243;][\/vc_column_inner][vc_column_inner width=&#8221;1\/4&#8243;][vc_column_text]Boris \u0110uri\u010di\u0107<br \/>\n+381 64 24 21 129[\/vc_column_text][\/vc_column_inner][vc_column_inner width=&#8221;1\/4&#8243;][vc_column_text]\u0110ur\u0111ina \u0160ijakovi\u0107<br \/>\n+381 \u00a064 33 91 832[\/vc_column_text][\/vc_column_inner][vc_column_inner width=&#8221;1\/4&#8243; offset=&#8221;vc_hidden-lg vc_hidden-md vc_hidden-sm vc_hidden-xs&#8221;][vc_column_text]Sonja \u017divanovi\u0107<br \/>\n+381 63 38 44 65 [\/vc_column_text][vc_column_text]Darko Do\u017ei\u0107<br \/>\n+381 63 34 21 55[\/vc_column_text][\/vc_column_inner][\/vc_row_inner][mk_padding_divider][\/vc_column][\/mk_page_section][vc_row disable_element=&#8221;yes&#8221;][vc_column width=&#8221;1\/4&#8243;][mk_icon_box icon=&#8221;mk-icon-th-list&#8221; title=&#8221;Termini&#8221; icon_color=&#8221;&#8221; icon_circle_color=&#8221;&#8221;]Ta\u010dni termini nove grupe bi\u0107e objavljeni uskoro, a sa \u010dasovima kre\u0107emo dan nakon prezentacije.[\/mk_icon_box][\/vc_column][vc_column width=&#8221;1\/4&#8243;][mk_icon_box icon=&#8221;mk-icon-star&#8221; title=&#8221;Probaj besplatno&#8221; icon_color=&#8221;&#8221; icon_circle_color=&#8221;&#8221;]Prezentacija i svaki prvi \u010das su besplatni.[\/mk_icon_box][\/vc_column][vc_column width=&#8221;1\/4&#8243;][mk_icon_box icon=&#8221;mk-icon-pencil&#8221; title=&#8221;Trajanje upisa&#8221; icon_color=&#8221;&#8221; icon_circle_color=&#8221;&#8221;]Upis traje od 12. oktobra do formiranja grupa.[\/mk_icon_box][\/vc_column][vc_column width=&#8221;1\/4&#8243;][mk_icon_box icon=&#8221;mk-li-clock&#8221; title=&#8221;\u010cASOVI&#8221; icon_color=&#8221;&#8221; icon_circle_color=&#8221;&#8221;]\u010casovi se odr\u017eavaju dvaput nedeljno, svaki \u010das traje 90min.[\/mk_icon_box][\/vc_column][\/vc_row][vc_row][vc_column][mk_padding_divider][\/vc_column][\/vc_row][mk_page_section bg_stretch=&#8221;true&#8221; js_vertical_centered=&#8221;true&#8221; padding_top=&#8221;100&#8243; padding_bottom=&#8221;97&#8243; sidebar=&#8221;sidebar-1&#8243;][vc_column width=&#8221;1\/2&#8243;][mk_image src=&#8221;http:\/\/tangonatural.com\/wp-content\/uploads\/2016\/10\/pripremni-casovi-1.jpg&#8221;][vc_column_text]\n<h4 class=\"p1\"><span class=\"s1\"><b>Preparation\u00a0classes<\/b><\/span><\/h4>\n[\/vc_column_text][vc_column_text]\n<p class=\"p1\">If you want a smoother start in a group environment, you are drastically late for\u00a0the beginners group \u00a0or you want to advance quicker, we recommend preparation classes comprised of basic dance technique, suitable for all levels\u00a0including\u00a0complete beginners. For the same reasons, or if you can&#8217;t fit regular classes into your schedule or dynamics, you can always contact us for individual classes. Also, dancers of all levels come together at practicas, where they practice, alone or with a partner, and consult with the\u00a0instructors.<\/p>\n[\/vc_column_text][\/vc_column][vc_column width=&#8221;1\/2&#8243;][mk_image src=&#8221;http:\/\/tangonatural.com\/wp-content\/uploads\/2016\/10\/praktika-2.jpg&#8221;][vc_column_text]\n<h4 class=\"p1\"><span class=\"s1\"><b>You don&#8217;t need a partner!<\/b><\/span><\/h4>\n[\/vc_column_text][vc_column_text]\n<p class=\"p1\">It&#8217;s great if you have one, but if you don&#8217;t have him\/her, you will get several during class\u00a0\u2013 in our classes\u00a0partners are changed regularly\u00a0(unless you insist otherwise) and everyone dances equally. And with each new dance partner, you potentially get a new person in you life!<\/p>\n[\/vc_column_text][\/vc_column][\/mk_page_section][vc_row disable_element=&#8221;yes&#8221;][vc_column width=&#8221;1\/3&#8243;][vc_column_text]<strong><em>Pripremni \u010dasovi osnovne plesne tehnike<\/em><\/strong><\/p>\n<p>Ukoliko se ne ose\u0107ate spremnima da po\u010dnete sa radom u grupi ili \u017eelite da napredujete br\u017ee, preporu\u010dujemo <em>\u010dasove osnovne tehnike<\/em>, pogodne za sve plesne nivoe uklju\u010duju\u0107i i potpune po\u010detnike.[\/vc_column_text][mk_button dimension=&#8221;outline&#8221; corner_style=&#8221;rounded&#8221; letter_spacing=&#8221;2&#8243;]Saznaj vi\u0161e[\/mk_button][\/vc_column][vc_column width=&#8221;1\/3&#8243;][vc_column_text]<strong>Individualni \u010dasovi<\/strong><br \/>\nAko vam jednostavno ne odgovaraju termini i dinamika grupe, ili \u017eelite da ubrzate svoj plesni napredak, uvek nas mo\u017eete kontaktirati za individualne \u010dasove.<br \/>\n[\/vc_column_text][mk_button dimension=&#8221;outline&#8221; corner_style=&#8221;rounded&#8221; letter_spacing=&#8221;2&#8243;]Saznaj vi\u0161e[\/mk_button][\/vc_column][vc_column width=&#8221;1\/3&#8243;][vc_column_text]<strong>Praktike<\/strong><br \/>\nPlesa\u010di svih plesnih nivoa se okupljaju na praktikama, na kojima ve\u017ebaju sami ili u paru, uz mogu\u0107nost konsultacije sa instruktorima. [\/vc_column_text][mk_button dimension=&#8221;outline&#8221; corner_style=&#8221;rounded&#8221; letter_spacing=&#8221;2&#8243;]Saznaj vi\u0161e[\/mk_button][\/vc_column][\/vc_row][vc_row][vc_column][mk_padding_divider size=&#8221;100&#8243;][mk_fancy_title size=&#8221;24&#8243; font_family=&#8221;none&#8221;]\n<p style=\"text-align: center;\">Did you know?<\/p>\n[\/mk_fancy_title][mk_tab_slider orderby=&#8221;menu_order&#8221; autoplay_time=&#8221;7500&#8243; tabs=&#8221;1245, 1247, 1249&#8243;][\/vc_column][\/vc_row][vc_row][vc_column][mk_padding_divider][\/vc_column][\/vc_row][mk_page_section bg_image=&#8221;http:\/\/tangonatural.com\/wp-content\/uploads\/2016\/11\/10-razloga.jpg&#8221; bg_position=&#8221;center bottom&#8221; bg_repeat=&#8221;no-repeat&#8221; bg_stretch=&#8221;true&#8221; video_opacity=&#8221;.6&#8243; min_height=&#8221;400&#8243; full_height=&#8221;true&#8221; padding_top=&#8221;0&#8243; padding_bottom=&#8221;0&#8243; top_shape_color=&#8221;#ffffff&#8221; bottom_shape_color=&#8221;#ffffff&#8221; sidebar=&#8221;sidebar-1&#8243;][vc_column][mk_fancy_title tag_name=&#8221;h3&#8243; color=&#8221;#ffffff&#8221; size=&#8221;56&#8243; force_font_size=&#8221;true&#8221; size_smallscreen=&#8221;40&#8243; size_tablet=&#8221;30&#8243; size_phone=&#8221;30&#8243; line_height=&#8221;120&#8243; font_style=&#8221;italic&#8221; font_family=&#8221;none&#8221; align=&#8221;center&#8221;]10\u00a0reasons<br \/>\nto dance tango[\/mk_fancy_title][mk_button dimension=&#8221;flat&#8221; size=&#8221;large&#8221; url=&#8221;http:\/\/tangonatural.com\/en\/10-reasons-to-dance-tango\/&#8221; align=&#8221;center&#8221;]READ HERE[\/mk_button][\/vc_column][\/mk_page_section]\n","protected":false},"excerpt":{"rendered":"<p>[mk_page_section bg_image=&#8221;http:\/\/tangonatural.com\/wp-content\/uploads\/2016\/10\/novi-upis-kv.jpg&#8221; bg_position=&#8221;center bottom&#8221; bg_repeat=&#8221;no-repeat&#8221; bg_stretch=&#8221;true&#8221; video_opacity=&#8221;.6&#8243; min_height=&#8221;400&#8243; full_height=&#8221;true&#8221; padding_top=&#8221;0&#8243; padding_bottom=&#8221;0&#8243; top_shape_color=&#8221;#ffffff&#8221; bottom_shape_color=&#8221;#ffffff&#8221; sidebar=&#8221;sidebar-1&#8243;][vc_column][\/vc_column][\/mk_page_section][vc_row][vc_column][mk_padding_divider size=&#8221;70&#8243;][\/vc_column][\/vc_row][vc_row][vc_column width=&#8221;1\/2&#8243;][mk_fancy_title tag_name=&#8221;h3&#8243; size=&#8221;18&#8243; font_style=&#8221;normal&#8221; margin_bottom=&#8221;10&#8243; font_family=&#8221;none&#8221;]Tango is a magical dance:[\/mk_fancy_title][mk_fancy_title tag_name=&#8221;h3&#8243; size=&#8221;30&#8243; font_style=&#8221;italic&#8221; font_family=&#8221;none&#8221;]exciting, passionate, mysterious, gentle&#8230;[\/mk_fancy_title][vc_column_text][\/vc_column_text][\/vc_column][vc_column width=&#8221;1\/2&#8243;][vc_column_text]\u2026and it&#8217;s danced by tens of thousands of people across the globe! Anyone can dance tango: no matter their age, gender, political, religious, [&hellip;]<\/p>\n","protected":false},"author":3,"featured_media":0,"parent":0,"menu_order":0,"comment_status":"closed","ping_status":"closed","template":"","meta":{"footnotes":""},"yoast_head":"<!-- This site is optimized with the Yoast SEO plugin v22.9 - https:\/\/yoast.com\/wordpress\/plugins\/seo\/ -->\n<title>New enrollment - Tango Natural<\/title>\n<meta name=\"robots\" content=\"index, follow, max-snippet:-1, max-image-preview:large, max-video-preview:-1\" \/>\n<link rel=\"canonical\" href=\"https:\/\/tangonatural.com\/en\/new-enrollment\/\" \/>\n<meta property=\"og:locale\" content=\"en_US\" \/>\n<meta property=\"og:type\" content=\"article\" \/>\n<meta property=\"og:title\" content=\"New enrollment - Tango Natural\" \/>\n<meta property=\"og:description\" content=\"[mk_page_section bg_image=&#8221;http:\/\/tangonatural.com\/wp-content\/uploads\/2016\/10\/novi-upis-kv.jpg&#8221; bg_position=&#8221;center bottom&#8221; bg_repeat=&#8221;no-repeat&#8221; bg_stretch=&#8221;true&#8221; video_opacity=&#8221;.6&#8243; min_height=&#8221;400&#8243; full_height=&#8221;true&#8221; padding_top=&#8221;0&#8243; padding_bottom=&#8221;0&#8243; top_shape_color=&#8221;#ffffff&#8221; bottom_shape_color=&#8221;#ffffff&#8221; sidebar=&#8221;sidebar-1&#8243;][vc_column][\/vc_column][\/mk_page_section][vc_row][vc_column][mk_padding_divider size=&#8221;70&#8243;][\/vc_column][\/vc_row][vc_row][vc_column width=&#8221;1\/2&#8243;][mk_fancy_title tag_name=&#8221;h3&#8243; size=&#8221;18&#8243; font_style=&#8221;normal&#8221; margin_bottom=&#8221;10&#8243; font_family=&#8221;none&#8221;]Tango is a magical dance:[\/mk_fancy_title][mk_fancy_title tag_name=&#8221;h3&#8243; size=&#8221;30&#8243; font_style=&#8221;italic&#8221; font_family=&#8221;none&#8221;]exciting, passionate, mysterious, gentle&#8230;[\/mk_fancy_title][vc_column_text][\/vc_column_text][\/vc_column][vc_column width=&#8221;1\/2&#8243;][vc_column_text]\u2026and it&#8217;s danced by tens of thousands of people across the globe! Anyone can dance tango: no matter their age, gender, political, religious, [&hellip;]\" \/>\n<meta property=\"og:url\" content=\"https:\/\/tangonatural.com\/en\/new-enrollment\/\" \/>\n<meta property=\"og:site_name\" content=\"Tango Natural\" \/>\n<meta property=\"article:publisher\" content=\"https:\/\/www.facebook.com\/tangobeograd\" \/>\n<meta property=\"article:modified_time\" content=\"2021-11-17T15:46:38+00:00\" \/>\n<meta property=\"og:image\" content=\"http:\/\/tangonatural.com\/wp-content\/plugins\/wp-emoji-one\/icons\/1F600.png\" \/>\n<meta name=\"twitter:card\" content=\"summary_large_image\" \/>\n<meta name=\"twitter:label1\" content=\"Est. reading time\" \/>\n\t<meta name=\"twitter:data1\" content=\"7 minutes\" \/>\n<script type=\"application\/ld+json\" class=\"yoast-schema-graph\">{\"@context\":\"https:\/\/schema.org\",\"@graph\":[{\"@type\":\"WebPage\",\"@id\":\"https:\/\/tangonatural.com\/en\/new-enrollment\/\",\"url\":\"https:\/\/tangonatural.com\/en\/new-enrollment\/\",\"name\":\"New enrollment - Tango Natural\",\"isPartOf\":{\"@id\":\"https:\/\/tangonatural.com\/#website\"},\"primaryImageOfPage\":{\"@id\":\"https:\/\/tangonatural.com\/en\/new-enrollment\/#primaryimage\"},\"image\":{\"@id\":\"https:\/\/tangonatural.com\/en\/new-enrollment\/#primaryimage\"},\"thumbnailUrl\":\"http:\/\/tangonatural.com\/wp-content\/plugins\/wp-emoji-one\/icons\/1F600.png\",\"datePublished\":\"2017-01-21T13:52:33+00:00\",\"dateModified\":\"2021-11-17T15:46:38+00:00\",\"breadcrumb\":{\"@id\":\"https:\/\/tangonatural.com\/en\/new-enrollment\/#breadcrumb\"},\"inLanguage\":\"en-US\",\"potentialAction\":[{\"@type\":\"ReadAction\",\"target\":[\"https:\/\/tangonatural.com\/en\/new-enrollment\/\"]}]},{\"@type\":\"ImageObject\",\"inLanguage\":\"en-US\",\"@id\":\"https:\/\/tangonatural.com\/en\/new-enrollment\/#primaryimage\",\"url\":\"http:\/\/tangonatural.com\/wp-content\/plugins\/wp-emoji-one\/icons\/1F600.png\",\"contentUrl\":\"http:\/\/tangonatural.com\/wp-content\/plugins\/wp-emoji-one\/icons\/1F600.png\"},{\"@type\":\"BreadcrumbList\",\"@id\":\"https:\/\/tangonatural.com\/en\/new-enrollment\/#breadcrumb\",\"itemListElement\":[{\"@type\":\"ListItem\",\"position\":1,\"name\":\"Home\",\"item\":\"https:\/\/tangonatural.com\/en\/\"},{\"@type\":\"ListItem\",\"position\":2,\"name\":\"New enrollment\"}]},{\"@type\":\"WebSite\",\"@id\":\"https:\/\/tangonatural.com\/#website\",\"url\":\"https:\/\/tangonatural.com\/\",\"name\":\"Tango Natural\",\"description\":\"\",\"potentialAction\":[{\"@type\":\"SearchAction\",\"target\":{\"@type\":\"EntryPoint\",\"urlTemplate\":\"https:\/\/tangonatural.com\/?s={search_term_string}\"},\"query-input\":\"required name=search_term_string\"}],\"inLanguage\":\"en-US\"}]}<\/script>\n<!-- \/ Yoast SEO plugin. -->","yoast_head_json":{"title":"New enrollment - Tango Natural","robots":{"index":"index","follow":"follow","max-snippet":"max-snippet:-1","max-image-preview":"max-image-preview:large","max-video-preview":"max-video-preview:-1"},"canonical":"https:\/\/tangonatural.com\/en\/new-enrollment\/","og_locale":"en_US","og_type":"article","og_title":"New enrollment - Tango Natural","og_description":"[mk_page_section bg_image=&#8221;http:\/\/tangonatural.com\/wp-content\/uploads\/2016\/10\/novi-upis-kv.jpg&#8221; bg_position=&#8221;center bottom&#8221; bg_repeat=&#8221;no-repeat&#8221; bg_stretch=&#8221;true&#8221; video_opacity=&#8221;.6&#8243; min_height=&#8221;400&#8243; full_height=&#8221;true&#8221; padding_top=&#8221;0&#8243; padding_bottom=&#8221;0&#8243; top_shape_color=&#8221;#ffffff&#8221; bottom_shape_color=&#8221;#ffffff&#8221; sidebar=&#8221;sidebar-1&#8243;][vc_column][\/vc_column][\/mk_page_section][vc_row][vc_column][mk_padding_divider size=&#8221;70&#8243;][\/vc_column][\/vc_row][vc_row][vc_column width=&#8221;1\/2&#8243;][mk_fancy_title tag_name=&#8221;h3&#8243; size=&#8221;18&#8243; font_style=&#8221;normal&#8221; margin_bottom=&#8221;10&#8243; font_family=&#8221;none&#8221;]Tango is a magical dance:[\/mk_fancy_title][mk_fancy_title tag_name=&#8221;h3&#8243; size=&#8221;30&#8243; font_style=&#8221;italic&#8221; font_family=&#8221;none&#8221;]exciting, passionate, mysterious, gentle&#8230;[\/mk_fancy_title][vc_column_text][\/vc_column_text][\/vc_column][vc_column width=&#8221;1\/2&#8243;][vc_column_text]\u2026and it&#8217;s danced by tens of thousands of people across the globe! Anyone can dance tango: no matter their age, gender, political, religious, [&hellip;]","og_url":"https:\/\/tangonatural.com\/en\/new-enrollment\/","og_site_name":"Tango Natural","article_publisher":"https:\/\/www.facebook.com\/tangobeograd","article_modified_time":"2021-11-17T15:46:38+00:00","og_image":[{"url":"http:\/\/tangonatural.com\/wp-content\/plugins\/wp-emoji-one\/icons\/1F600.png"}],"twitter_card":"summary_large_image","twitter_misc":{"Est. reading time":"7 minutes"},"schema":{"@context":"https:\/\/schema.org","@graph":[{"@type":"WebPage","@id":"https:\/\/tangonatural.com\/en\/new-enrollment\/","url":"https:\/\/tangonatural.com\/en\/new-enrollment\/","name":"New enrollment - Tango Natural","isPartOf":{"@id":"https:\/\/tangonatural.com\/#website"},"primaryImageOfPage":{"@id":"https:\/\/tangonatural.com\/en\/new-enrollment\/#primaryimage"},"image":{"@id":"https:\/\/tangonatural.com\/en\/new-enrollment\/#primaryimage"},"thumbnailUrl":"http:\/\/tangonatural.com\/wp-content\/plugins\/wp-emoji-one\/icons\/1F600.png","datePublished":"2017-01-21T13:52:33+00:00","dateModified":"2021-11-17T15:46:38+00:00","breadcrumb":{"@id":"https:\/\/tangonatural.com\/en\/new-enrollment\/#breadcrumb"},"inLanguage":"en-US","potentialAction":[{"@type":"ReadAction","target":["https:\/\/tangonatural.com\/en\/new-enrollment\/"]}]},{"@type":"ImageObject","inLanguage":"en-US","@id":"https:\/\/tangonatural.com\/en\/new-enrollment\/#primaryimage","url":"http:\/\/tangonatural.com\/wp-content\/plugins\/wp-emoji-one\/icons\/1F600.png","contentUrl":"http:\/\/tangonatural.com\/wp-content\/plugins\/wp-emoji-one\/icons\/1F600.png"},{"@type":"BreadcrumbList","@id":"https:\/\/tangonatural.com\/en\/new-enrollment\/#breadcrumb","itemListElement":[{"@type":"ListItem","position":1,"name":"Home","item":"https:\/\/tangonatural.com\/en\/"},{"@type":"ListItem","position":2,"name":"New enrollment"}]},{"@type":"WebSite","@id":"https:\/\/tangonatural.com\/#website","url":"https:\/\/tangonatural.com\/","name":"Tango Natural","description":"","potentialAction":[{"@type":"SearchAction","target":{"@type":"EntryPoint","urlTemplate":"https:\/\/tangonatural.com\/?s={search_term_string}"},"query-input":"required name=search_term_string"}],"inLanguage":"en-US"}]}},"_links":{"self":[{"href":"https:\/\/tangonatural.com\/en\/wp-json\/wp\/v2\/pages\/1242"}],"collection":[{"href":"https:\/\/tangonatural.com\/en\/wp-json\/wp\/v2\/pages"}],"about":[{"href":"https:\/\/tangonatural.com\/en\/wp-json\/wp\/v2\/types\/page"}],"author":[{"embeddable":true,"href":"https:\/\/tangonatural.com\/en\/wp-json\/wp\/v2\/users\/3"}],"replies":[{"embeddable":true,"href":"https:\/\/tangonatural.com\/en\/wp-json\/wp\/v2\/comments?post=1242"}],"version-history":[{"count":8,"href":"https:\/\/tangonatural.com\/en\/wp-json\/wp\/v2\/pages\/1242\/revisions"}],"predecessor-version":[{"id":1256,"href":"https:\/\/tangonatural.com\/en\/wp-json\/wp\/v2\/pages\/1242\/revisions\/1256"}],"wp:attachment":[{"href":"https:\/\/tangonatural.com\/en\/wp-json\/wp\/v2\/media?parent=1242"}],"curies":[{"name":"wp","href":"https:\/\/api.w.org\/{rel}","templated":true}]}}